{"id":2,"date":"2024-08-20T14:12:49","date_gmt":"2024-08-20T14:12:49","guid":{"rendered":"http:\/\/preview.studiohaarfrei.de\/?page_id=2"},"modified":"2025-09-11T14:08:33","modified_gmt":"2025-09-11T14:08:33","slug":"dauerhafte-haarentfernung-mit-diodenlaser","status":"publish","type":"page","link":"https:\/\/studiohaarfrei.de\/en\/","title":{"rendered":"Home"},"content":{"rendered":"<div class=\"wpb-content-wrapper\"><div class=\"vc_row wpb_row vc_row-fluid\"><div class=\"wpb_animate_when_almost_visible wpb_fadeInUp fadeInUp wpb_column vc_column_container vc_col-sm-12\"><div class=\"vc_column-inner vc_custom_1724841993710\"><div class=\"wpb_wrapper\"><div id=\"ultimate-heading-294869f52a5657c04\" class=\"uvc-heading ult-adjust-bottom-margin ultimate-heading-294869f52a5657c04 uvc-5160 Ueberschrift\" data-hspacer=\"no_spacer\"  data-halign=\"left\" style=\"text-align:left\"><div class=\"uvc-heading-spacer no_spacer\" style=\"top\"><\/div><div class=\"uvc-main-heading ult-responsive\"  data-ultimate-target='.uvc-heading.ultimate-heading-294869f52a5657c04 h1'  data-responsive-json-new='{\"font-size\":\"desktop:36px;mobile:28px;\",\"line-height\":\"desktop:46px;mobile:34px;\"}' ><h1 style=\"--font-weight:theme;color:#ffffff;\">Studio Haarfrei<\/h1><\/div><\/div><div id=\"ultimate-heading-686369f52a5657c8c\" class=\"uvc-heading ult-adjust-bottom-margin ultimate-heading-686369f52a5657c8c uvc-4147\" data-hspacer=\"no_spacer\"  data-halign=\"left\" style=\"text-align:left\"><div class=\"uvc-heading-spacer no_spacer\" style=\"top\"><\/div><div class=\"uvc-sub-heading ult-responsive\"  data-ultimate-target='.uvc-heading.ultimate-heading-686369f52a5657c8c .uvc-sub-heading '  data-responsive-json-new='{\"font-size\":\"desktop:22px;tablet:22px;tablet_portrait:22px;mobile_landscape:20px;mobile:20px;\",\"line-height\":\"desktop:32px;tablet:32px;tablet_portrait:32px;mobile_landscape:30px;mobile:30px;\"}'  style=\"font-family:&#039;Poppins&#039;;font-weight:normal;color:#303030;margin-top:10px;margin-bottom:15px;\">\n<h2 style=\"font-size: 22px; line-height: 32px;\">Professional and competent in Passau<\/h2>\n<\/div><\/div>\n\t<div class=\"wpb_text_column wpb_content_element\" >\n\t\t<div class=\"wpb_wrapper\">\n\t\t\t<p>Experience permanent hair removal that is perfectly tailored to your individual needs. From a comprehensive consultation to professional aftercare - we accompany you on your way to smooth, hair-free skin.<\/p>\n<p>Unsere \u00fcber 2.000 zufriedenen Kunden sch\u00e4tzen nicht nur unsere herausragende Expertise von \u00fcber 8 Jahren Berufserfahrung in der dauerhaften Haarentfernung, sondern auch die angenehme Atmosph\u00e4re und den erstklassigen Kundenservice in unserem Institut in Passau.<\/p>\n<p>Results that impress: You will notice a significant improvement after the very first treatment. Our advanced laser treatment not only removes unwanted hair, but also improves skin texture and ensures a more even complexion.<\/p>\n<p>Your safety is our priority. Our <a href=\"https:\/\/studiohaarfrei.de\/en\/team\/\">experienced team<\/a> ensures a safe and gentle application that protects your skin and still achieves maximum results.<\/p>\n\n\t\t<\/div>\n\t<\/div>\n<\/div><\/div><\/div><\/div><div class=\"vc_row wpb_row vc_row-fluid Abstand-Bild0 wpb_animate_when_almost_visible wpb_fadeInUp fadeInUp\"><div class=\"wpb_animate_when_almost_visible wpb_fadeInUp fadeInUp wpb_column vc_column_container vc_col-sm-6\"><div class=\"vc_column-inner vc_custom_1727250446733\"><div class=\"wpb_wrapper\"><section class=\"shortcode-teaser img-full frame-on\"><div class=\"shortcode-teaser-img\"><a class=\"layzr-bg rollover\" href=\"\/en\/dauerhafte-haarentfernung\/\"><img loading=\"lazy\" decoding=\"async\" class=\"lazy-load\" src=\"data:image\/svg+xml;charset=utf-8,%3Csvg xmlns%3D&#039;http%3A%2F%2Fwww.w3.org%2F2000%2Fsvg&#039; viewBox%3D&#039;0 0 1920 1080&#039;%2F%3E\" width=\"1920\" height=\"1080\" alt=\"Dauerhafte Haarentfernung\" data-srcset=\"https:\/\/studiohaarfrei.de\/wp-content\/uploads\/2024\/09\/Dauerhafte-Haarentfernung-Start-Neu.jpg 1920w\" data-src=\"https:\/\/studiohaarfrei.de\/wp-content\/uploads\/2024\/09\/Dauerhafte-Haarentfernung-Start-Neu.jpg\" \/><\/a><\/div><div class=\"shortcode-teaser-content text-normal\"><h3>Permanent hair removal<\/h3>\n<p>Customised treatment plans for your permanent hair removal in our studio.<\/p>\n<\/div><\/section><\/div><\/div><\/div><div class=\"wpb_column vc_column_container vc_col-sm-6\"><div class=\"vc_column-inner vc_custom_1727250454544\"><div class=\"wpb_wrapper\"><section class=\"shortcode-teaser img-full frame-on\"><div class=\"shortcode-teaser-img\"><a class=\"layzr-bg rollover\" href=\"\/en\/ipl-hautverjuengung\/\"><img loading=\"lazy\" decoding=\"async\" class=\"lazy-load\" src=\"data:image\/svg+xml;charset=utf-8,%3Csvg xmlns%3D&#039;http%3A%2F%2Fwww.w3.org%2F2000%2Fsvg&#039; viewBox%3D&#039;0 0 1920 1080&#039;%2F%3E\" width=\"1920\" height=\"1080\" alt=\"IPL Hautverj\u00fcngung\" data-srcset=\"https:\/\/studiohaarfrei.de\/wp-content\/uploads\/2024\/09\/Dauerhafte-Haarentfernung-Start-IPL-Neu.jpg 1920w\" data-src=\"https:\/\/studiohaarfrei.de\/wp-content\/uploads\/2024\/09\/Dauerhafte-Haarentfernung-Start-IPL-Neu.jpg\" \/><\/a><\/div><div class=\"shortcode-teaser-content text-normal\"><h3>IPL skin rejuvenation<\/h3>\n<p>Would you like to counteract the skin ageing process in a natural way?<\/p>\n<\/div><\/section><\/div><\/div><\/div><\/div><div class=\"vc_row wpb_row vc_row-fluid Abstand-Bild wpb_animate_when_almost_visible wpb_fadeInUp fadeInUp\"><div class=\"wpb_animate_when_almost_visible wpb_fadeInUp fadeInUp wpb_column vc_column_container vc_col-sm-6\"><div class=\"vc_column-inner vc_custom_1727250475430\"><div class=\"wpb_wrapper\"><section class=\"shortcode-teaser img-full frame-on\"><div class=\"shortcode-teaser-img\"><a class=\"layzr-bg rollover\" href=\"\/en\/preise-dauerhafte-haarentfernung\/\"><img loading=\"lazy\" decoding=\"async\" class=\"lazy-load\" src=\"data:image\/svg+xml;charset=utf-8,%3Csvg xmlns%3D&#039;http%3A%2F%2Fwww.w3.org%2F2000%2Fsvg&#039; viewBox%3D&#039;0 0 1920 1080&#039;%2F%3E\" width=\"1920\" height=\"1080\" alt=\"Preise Haarentfernung\" data-srcset=\"https:\/\/studiohaarfrei.de\/wp-content\/uploads\/2024\/09\/Dauerhafte-Haarentfernung-Start-Preise-Neu.jpg 1920w\" data-src=\"https:\/\/studiohaarfrei.de\/wp-content\/uploads\/2024\/09\/Dauerhafte-Haarentfernung-Start-Preise-Neu.jpg\" \/><\/a><\/div><div class=\"shortcode-teaser-content text-normal\"><h3>Price overview<\/h3>\n<p>Fulfil your dream of permanent hairless skin.<\/p>\n<\/div><\/section><\/div><\/div><\/div><div class=\"wpb_column vc_column_container vc_col-sm-6\"><div class=\"vc_column-inner vc_custom_1727250468062\"><div class=\"wpb_wrapper\"><section class=\"shortcode-teaser img-full frame-on\"><div class=\"shortcode-teaser-img\"><a class=\"layzr-bg rollover\" href=\"\/en\/kontakt\/\"><img loading=\"lazy\" decoding=\"async\" class=\"lazy-load\" src=\"data:image\/svg+xml;charset=utf-8,%3Csvg xmlns%3D&#039;http%3A%2F%2Fwww.w3.org%2F2000%2Fsvg&#039; viewBox%3D&#039;0 0 1920 1080&#039;%2F%3E\" width=\"1920\" height=\"1080\" alt=\"Haarentfernung Kontakt\" data-srcset=\"https:\/\/studiohaarfrei.de\/wp-content\/uploads\/2024\/09\/Dauerhafte-Haarentfernung-Start-Kontakt-Neu.jpg 1920w\" data-src=\"https:\/\/studiohaarfrei.de\/wp-content\/uploads\/2024\/09\/Dauerhafte-Haarentfernung-Start-Kontakt-Neu.jpg\" \/><\/a><\/div><div class=\"shortcode-teaser-content text-normal\"><h3>Contact<\/h3>\n<p>We are always happy to answer your enquiries.<\/p>\n<\/div><\/section><\/div><\/div><\/div><\/div><div data-vc-full-width=\"true\" data-vc-full-width-temp=\"true\" data-vc-full-width-init=\"false\" data-vc-stretch-content=\"true\" class=\"vc_row wpb_row vc_row-fluid vc_row-o-content-middle vc_row-flex\"><div class=\"wpb_column vc_column_container vc_col-sm-6\"><div class=\"vc_column-inner\"><div class=\"wpb_wrapper\">\n\t<div  class=\"wpb_single_image wpb_content_element vc_align_left\">\n\t\t\n\t\t<figure class=\"wpb_wrapper vc_figure\">\n\t\t\t<div class=\"vc_single_image-wrapper   vc_box_border_grey\"><img loading=\"lazy\" decoding=\"async\" width=\"1300\" height=\"866\" src=\"https:\/\/studiohaarfrei.de\/wp-content\/uploads\/2024\/09\/2024_09_05_gutschein-Mockup.jpg\" class=\"vc_single_image-img attachment-full\" alt=\"Gutschein Haarentfernung STUDIO Haarfrei\" title=\"Gutschein Haarentfernung STUDIO Haarfrei\" srcset=\"https:\/\/studiohaarfrei.de\/wp-content\/uploads\/2024\/09\/2024_09_05_gutschein-Mockup.jpg 1300w, https:\/\/studiohaarfrei.de\/wp-content\/uploads\/2024\/09\/2024_09_05_gutschein-Mockup-300x200.jpg 300w, https:\/\/studiohaarfrei.de\/wp-content\/uploads\/2024\/09\/2024_09_05_gutschein-Mockup-1024x682.jpg 1024w, https:\/\/studiohaarfrei.de\/wp-content\/uploads\/2024\/09\/2024_09_05_gutschein-Mockup-768x512.jpg 768w, https:\/\/studiohaarfrei.de\/wp-content\/uploads\/2024\/09\/2024_09_05_gutschein-Mockup-18x12.jpg 18w\" sizes=\"auto, (max-width: 1300px) 100vw, 1300px\"  data-dt-location=\"https:\/\/studiohaarfrei.de\/en\/dauerhafte-haarentfernung-mit-diodenlaser\/2024_09_05_gutschein-mockup\/\" \/><\/div>\n\t\t<\/figure>\n\t<\/div>\n<\/div><\/div><\/div><div class=\"wpb_column vc_column_container vc_col-sm-6\"><div class=\"vc_column-inner\"><div class=\"wpb_wrapper\"><div id=\"ultimate-heading-301269f52a565efca\" class=\"uvc-heading ult-adjust-bottom-margin ultimate-heading-301269f52a565efca uvc-2491\" data-hspacer=\"no_spacer\"  data-halign=\"left\" style=\"text-align:left\"><div class=\"uvc-heading-spacer no_spacer\" style=\"top\"><\/div><div class=\"uvc-sub-heading ult-responsive\"  data-ultimate-target='.uvc-heading.ultimate-heading-301269f52a565efca .uvc-sub-heading '  data-responsive-json-new='{\"font-size\":\"desktop:28px;tablet:22px;tablet_portrait:22px;mobile_landscape:20px;mobile:20px;\",\"line-height\":\"desktop:34px;tablet:32px;tablet_portrait:32px;mobile_landscape:30px;mobile:30px;\"}'  style=\"font-family:&#039;Poppins&#039;;font-weight:bold;color:#303030;margin-top:10px;margin-bottom:15px;\">Voucher for permanent hair removal<\/div><\/div>\n\t<div class=\"wpb_text_column wpb_content_element\" >\n\t\t<div class=\"wpb_wrapper\">\n\t\t\t<p>Give the gift of smooth, hair-free skin and self-confidence! With this voucher you will receive professional, permanent hair removal in our studio. Enjoy the freedom from annoying shaving, epilating or waxing and experience velvety soft skin that lasts.<\/p>\n\n\t\t<\/div>\n\t<\/div>\n\n\t<div class=\"wpb_text_column wpb_content_element\" >\n\t\t<div class=\"wpb_wrapper\">\n\t\t\t<p>This voucher includes:<\/p>\n<ul>\n<li>A personalised consultation<\/li>\n<li>A treatment tailored to your skin and hair<\/li>\n<li>State-of-the-art technology for long-lasting results<\/li>\n<\/ul>\n\n\t\t<\/div>\n\t<\/div>\n\n\t<div class=\"wpb_text_column wpb_content_element\" >\n\t\t<div class=\"wpb_wrapper\">\n\t\t\t<p><strong>Take the first step towards a smooth future!<\/strong><\/p>\n\n\t\t<\/div>\n\t<\/div>\n<div class=\"ubtn-ctn-left\"><a class=\"ubtn-link ult-adjust-bottom-margin ubtn-left ubtn-large\" href=\"https:\/\/studio-haarfrei.sumupstore.com\/\" title=\"Jetzt Gutschein kaufen\" target=\"_blank\" rel=\"noopener\" ><button type=\"button\" id=\"ubtn-3686\"  class=\"ubtn ult-adjust-bottom-margin ult-responsive ubtn-large ubtn-left-bg  none  ubtn-sep-icon ubtn-sep-icon-right-rev  ubtn-shd  ubtn-left  shd-bottom tooltip-69f52a565f685\"  data-hover=\"#ffffff\" data-border-color=\"\" data-bg=\"#76b729\" data-hover-bg=\"#333333\" data-border-hover=\"\" data-shadow-hover=\"0 5px ;\" data-shadow-click=\"none\" data-shadow=\"0 5px ;\" data-shd-shadow=\"5\"  data-ultimate-target='#ubtn-3686'  data-responsive-json-new='{\"font-size\":\"desktop:26px;mobile:20px;\",\"line-height\":\"desktop:32px;mobile:26px;\"}'  style=\"font-weight:normal;border:none;box-shadow: 0 5px ;background: #76b729;color: #ffffff;\"><span class=\"ubtn-data ubtn-icon\"><i class=\"fas fa-gift\" style=\"font-size:26px;color:#ffffff;\"><\/i><\/span><span class=\"ubtn-hover\" style=\"background-color:#333333\"><\/span><span class=\"ubtn-data ubtn-text\" >Buy a voucher now<\/span><\/button><\/a><\/div><\/div><\/div><\/div><\/div><div class=\"vc_row-full-width vc_clearfix\"><\/div><!-- Row Backgrounds --><div class=\"upb_color\" data-bg-override=\"ex-full\" data-bg-color=\"#f2f2f2\" data-fadeout=\"\" data-fadeout-percentage=\"30\" data-parallax-content=\"\" data-parallax-content-sense=\"30\" data-row-effect-mobile-disable=\"true\" data-img-parallax-mobile-disable=\"true\" data-rtl=\"false\"  data-custom-vc-row=\"\"  data-vc=\"8.7.2\"  data-is_old_vc=\"\"  data-theme-support=\"\"   data-overlay=\"false\" data-overlay-color=\"\" data-overlay-pattern=\"\" data-overlay-pattern-opacity=\"\" data-overlay-pattern-size=\"\"    ><\/div>\n<\/div>","protected":false},"excerpt":{"rendered":"<p>Studio Haarfrei fachgerecht und kompetent in Passau Erleben Sie dauerhafte Haarentfernung, die perfekt auf Ihre individuellen Bed\u00fcrfnisse abgestimmt ist. Von der umfassenden Beratung bis zur professionellen Nachsorge \u2013 wir begleiten Sie auf Ihrem Weg zu glatter, haarfreier Haut. Unsere \u00fcber 2.000 zufriedenen Kunden sch\u00e4tzen nicht nur unsere herausragende Expertise von \u00fcber 8 Jahren Berufserfahrung in&hellip;<\/p>","protected":false},"author":1,"featured_media":3544,"parent":0,"menu_order":0,"comment_status":"closed","ping_status":"open","template":"template-microsite.php","meta":{"footnotes":""},"class_list":["post-2","page","type-page","status-publish","has-post-thumbnail","hentry","description-off"],"yoast_head":"<!-- This site is optimized with the Yoast SEO plugin v27.5 - https:\/\/yoast.com\/product\/yoast-seo-wordpress\/ -->\n<title>Dauerhafte Haarentfernung mit * Studio Haarfrei Passau<\/title>\n<meta name=\"description\" content=\"Dauerhafte Haarentfernung mit medizinischem Diodenlaser \u272d Ma\u00dfgeschneiderte Behandlungspl\u00e4ne f\u00fcr Ihre dauerhafte Haarentfernung\" \/>\n<meta name=\"robots\" content=\"index, follow, max-snippet:-1, max-image-preview:large, max-video-preview:-1\" \/>\n<link rel=\"canonical\" href=\"https:\/\/studiohaarfrei.de\/en\/\" \/>\n<meta property=\"og:locale\" content=\"en_GB\" \/>\n<meta property=\"og:type\" content=\"article\" \/>\n<meta property=\"og:title\" content=\"Dauerhafte Haarentfernung mit * Studio Haarfrei Passau\" \/>\n<meta property=\"og:description\" content=\"Dauerhafte Haarentfernung mit medizinischem Diodenlaser \u272d Ma\u00dfgeschneiderte Behandlungspl\u00e4ne f\u00fcr Ihre dauerhafte Haarentfernung\" \/>\n<meta property=\"og:url\" content=\"https:\/\/studiohaarfrei.de\/en\/\" \/>\n<meta property=\"og:site_name\" content=\"Studio Haarfrei Passau\" \/>\n<meta property=\"article:publisher\" content=\"https:\/\/www.facebook.com\/StudioHaarfreiPassau\" \/>\n<meta property=\"article:modified_time\" content=\"2025-09-11T14:08:33+00:00\" \/>\n<meta property=\"og:image\" content=\"https:\/\/studiohaarfrei.de\/wp-content\/uploads\/2024\/08\/Header_01-2.jpg\" \/>\n\t<meta property=\"og:image:width\" content=\"1920\" \/>\n\t<meta property=\"og:image:height\" content=\"1080\" \/>\n\t<meta property=\"og:image:type\" content=\"image\/jpeg\" \/>\n<meta name=\"twitter:card\" content=\"summary_large_image\" \/>\n<meta name=\"twitter:label1\" content=\"Estimated reading time\" \/>\n\t<meta name=\"twitter:data1\" content=\"3 minutes\" \/>\n<script type=\"application\/ld+json\" class=\"yoast-schema-graph\">{\"@context\":\"https:\\\/\\\/schema.org\",\"@graph\":[{\"@type\":\"WebPage\",\"@id\":\"https:\\\/\\\/studiohaarfrei.de\\\/\",\"url\":\"https:\\\/\\\/studiohaarfrei.de\\\/\",\"name\":\"Dauerhafte Haarentfernung mit * Studio Haarfrei Passau\",\"isPartOf\":{\"@id\":\"https:\\\/\\\/studiohaarfrei.de\\\/#website\"},\"primaryImageOfPage\":{\"@id\":\"https:\\\/\\\/studiohaarfrei.de\\\/#primaryimage\"},\"image\":{\"@id\":\"https:\\\/\\\/studiohaarfrei.de\\\/#primaryimage\"},\"thumbnailUrl\":\"https:\\\/\\\/studiohaarfrei.de\\\/wp-content\\\/uploads\\\/2024\\\/08\\\/Header_01-2.jpg\",\"datePublished\":\"2024-08-20T14:12:49+00:00\",\"dateModified\":\"2025-09-11T14:08:33+00:00\",\"description\":\"Dauerhafte Haarentfernung mit medizinischem Diodenlaser \u272d Ma\u00dfgeschneiderte Behandlungspl\u00e4ne f\u00fcr Ihre dauerhafte Haarentfernung\",\"breadcrumb\":{\"@id\":\"https:\\\/\\\/studiohaarfrei.de\\\/#breadcrumb\"},\"inLanguage\":\"en-GB\",\"potentialAction\":[{\"@type\":\"ReadAction\",\"target\":[\"https:\\\/\\\/studiohaarfrei.de\\\/\"]}]},{\"@type\":\"ImageObject\",\"inLanguage\":\"en-GB\",\"@id\":\"https:\\\/\\\/studiohaarfrei.de\\\/#primaryimage\",\"url\":\"https:\\\/\\\/studiohaarfrei.de\\\/wp-content\\\/uploads\\\/2024\\\/08\\\/Header_01-2.jpg\",\"contentUrl\":\"https:\\\/\\\/studiohaarfrei.de\\\/wp-content\\\/uploads\\\/2024\\\/08\\\/Header_01-2.jpg\",\"width\":1920,\"height\":1080,\"caption\":\"Haarentfernung mit Diodenlaser\"},{\"@type\":\"BreadcrumbList\",\"@id\":\"https:\\\/\\\/studiohaarfrei.de\\\/#breadcrumb\",\"itemListElement\":[{\"@type\":\"ListItem\",\"position\":1,\"name\":\"Startseite\",\"item\":\"https:\\\/\\\/studiohaarfrei.de\\\/\"},{\"@type\":\"ListItem\",\"position\":2,\"name\":\"Home\"}]},{\"@type\":\"WebSite\",\"@id\":\"https:\\\/\\\/studiohaarfrei.de\\\/#website\",\"url\":\"https:\\\/\\\/studiohaarfrei.de\\\/\",\"name\":\"Studio Haarfrei Passau\",\"description\":\"Haarentfernung mit  Diodenlaser\",\"publisher\":{\"@id\":\"https:\\\/\\\/studiohaarfrei.de\\\/#organization\"},\"potentialAction\":[{\"@type\":\"SearchAction\",\"target\":{\"@type\":\"EntryPoint\",\"urlTemplate\":\"https:\\\/\\\/studiohaarfrei.de\\\/?s={search_term_string}\"},\"query-input\":{\"@type\":\"PropertyValueSpecification\",\"valueRequired\":true,\"valueName\":\"search_term_string\"}}],\"inLanguage\":\"en-GB\"},{\"@type\":\"Organization\",\"@id\":\"https:\\\/\\\/studiohaarfrei.de\\\/#organization\",\"name\":\"Studio Haarfrei Passau\",\"url\":\"https:\\\/\\\/studiohaarfrei.de\\\/\",\"logo\":{\"@type\":\"ImageObject\",\"inLanguage\":\"en-GB\",\"@id\":\"https:\\\/\\\/studiohaarfrei.de\\\/#\\\/schema\\\/logo\\\/image\\\/\",\"url\":\"https:\\\/\\\/studiohaarfrei.de\\\/wp-content\\\/uploads\\\/2024\\\/08\\\/Logo-normal-300.png\",\"contentUrl\":\"https:\\\/\\\/studiohaarfrei.de\\\/wp-content\\\/uploads\\\/2024\\\/08\\\/Logo-normal-300.png\",\"width\":300,\"height\":128,\"caption\":\"Studio Haarfrei Passau\"},\"image\":{\"@id\":\"https:\\\/\\\/studiohaarfrei.de\\\/#\\\/schema\\\/logo\\\/image\\\/\"},\"sameAs\":[\"https:\\\/\\\/www.facebook.com\\\/StudioHaarfreiPassau\",\"https:\\\/\\\/www.instagram.com\\\/studiohaarfreipassau\\\/\"]}]}<\/script>\n<!-- \/ Yoast SEO plugin. -->","yoast_head_json":{"title":"Dauerhafte Haarentfernung mit * Studio Haarfrei Passau","description":"Dauerhafte Haarentfernung mit medizinischem Diodenlaser \u272d Ma\u00dfgeschneiderte Behandlungspl\u00e4ne f\u00fcr Ihre dauerhafte Haarentfernung","robots":{"index":"index","follow":"follow","max-snippet":"max-snippet:-1","max-image-preview":"max-image-preview:large","max-video-preview":"max-video-preview:-1"},"canonical":"https:\/\/studiohaarfrei.de\/en\/","og_locale":"en_GB","og_type":"article","og_title":"Dauerhafte Haarentfernung mit * Studio Haarfrei Passau","og_description":"Dauerhafte Haarentfernung mit medizinischem Diodenlaser \u272d Ma\u00dfgeschneiderte Behandlungspl\u00e4ne f\u00fcr Ihre dauerhafte Haarentfernung","og_url":"https:\/\/studiohaarfrei.de\/en\/","og_site_name":"Studio Haarfrei Passau","article_publisher":"https:\/\/www.facebook.com\/StudioHaarfreiPassau","article_modified_time":"2025-09-11T14:08:33+00:00","og_image":[{"width":1920,"height":1080,"url":"https:\/\/studiohaarfrei.de\/wp-content\/uploads\/2024\/08\/Header_01-2.jpg","type":"image\/jpeg"}],"twitter_card":"summary_large_image","twitter_misc":{"Estimated reading time":"3 minutes"},"schema":{"@context":"https:\/\/schema.org","@graph":[{"@type":"WebPage","@id":"https:\/\/studiohaarfrei.de\/","url":"https:\/\/studiohaarfrei.de\/","name":"Dauerhafte Haarentfernung mit * Studio Haarfrei Passau","isPartOf":{"@id":"https:\/\/studiohaarfrei.de\/#website"},"primaryImageOfPage":{"@id":"https:\/\/studiohaarfrei.de\/#primaryimage"},"image":{"@id":"https:\/\/studiohaarfrei.de\/#primaryimage"},"thumbnailUrl":"https:\/\/studiohaarfrei.de\/wp-content\/uploads\/2024\/08\/Header_01-2.jpg","datePublished":"2024-08-20T14:12:49+00:00","dateModified":"2025-09-11T14:08:33+00:00","description":"Dauerhafte Haarentfernung mit medizinischem Diodenlaser \u272d Ma\u00dfgeschneiderte Behandlungspl\u00e4ne f\u00fcr Ihre dauerhafte Haarentfernung","breadcrumb":{"@id":"https:\/\/studiohaarfrei.de\/#breadcrumb"},"inLanguage":"en-GB","potentialAction":[{"@type":"ReadAction","target":["https:\/\/studiohaarfrei.de\/"]}]},{"@type":"ImageObject","inLanguage":"en-GB","@id":"https:\/\/studiohaarfrei.de\/#primaryimage","url":"https:\/\/studiohaarfrei.de\/wp-content\/uploads\/2024\/08\/Header_01-2.jpg","contentUrl":"https:\/\/studiohaarfrei.de\/wp-content\/uploads\/2024\/08\/Header_01-2.jpg","width":1920,"height":1080,"caption":"Haarentfernung mit Diodenlaser"},{"@type":"BreadcrumbList","@id":"https:\/\/studiohaarfrei.de\/#breadcrumb","itemListElement":[{"@type":"ListItem","position":1,"name":"Startseite","item":"https:\/\/studiohaarfrei.de\/"},{"@type":"ListItem","position":2,"name":"Home"}]},{"@type":"WebSite","@id":"https:\/\/studiohaarfrei.de\/#website","url":"https:\/\/studiohaarfrei.de\/","name":"Studio Haarfrei Passau","description":"Hair removal with diode laser","publisher":{"@id":"https:\/\/studiohaarfrei.de\/#organization"},"potentialAction":[{"@type":"SearchAction","target":{"@type":"EntryPoint","urlTemplate":"https:\/\/studiohaarfrei.de\/?s={search_term_string}"},"query-input":{"@type":"PropertyValueSpecification","valueRequired":true,"valueName":"search_term_string"}}],"inLanguage":"en-GB"},{"@type":"Organization","@id":"https:\/\/studiohaarfrei.de\/#organization","name":"Studio Haarfrei Passau","url":"https:\/\/studiohaarfrei.de\/","logo":{"@type":"ImageObject","inLanguage":"en-GB","@id":"https:\/\/studiohaarfrei.de\/#\/schema\/logo\/image\/","url":"https:\/\/studiohaarfrei.de\/wp-content\/uploads\/2024\/08\/Logo-normal-300.png","contentUrl":"https:\/\/studiohaarfrei.de\/wp-content\/uploads\/2024\/08\/Logo-normal-300.png","width":300,"height":128,"caption":"Studio Haarfrei Passau"},"image":{"@id":"https:\/\/studiohaarfrei.de\/#\/schema\/logo\/image\/"},"sameAs":["https:\/\/www.facebook.com\/StudioHaarfreiPassau","https:\/\/www.instagram.com\/studiohaarfreipassau\/"]}]}},"_links":{"self":[{"href":"https:\/\/studiohaarfrei.de\/en\/wp-json\/wp\/v2\/pages\/2","targetHints":{"allow":["GET"]}}],"collection":[{"href":"https:\/\/studiohaarfrei.de\/en\/wp-json\/wp\/v2\/pages"}],"about":[{"href":"https:\/\/studiohaarfrei.de\/en\/wp-json\/wp\/v2\/types\/page"}],"author":[{"embeddable":true,"href":"https:\/\/studiohaarfrei.de\/en\/wp-json\/wp\/v2\/users\/1"}],"replies":[{"embeddable":true,"href":"https:\/\/studiohaarfrei.de\/en\/wp-json\/wp\/v2\/comments?post=2"}],"version-history":[{"count":167,"href":"https:\/\/studiohaarfrei.de\/en\/wp-json\/wp\/v2\/pages\/2\/revisions"}],"predecessor-version":[{"id":18170,"href":"https:\/\/studiohaarfrei.de\/en\/wp-json\/wp\/v2\/pages\/2\/revisions\/18170"}],"wp:featuredmedia":[{"embeddable":true,"href":"https:\/\/studiohaarfrei.de\/en\/wp-json\/wp\/v2\/media\/3544"}],"wp:attachment":[{"href":"https:\/\/studiohaarfrei.de\/en\/wp-json\/wp\/v2\/media?parent=2"}],"curies":[{"name":"wp","href":"https:\/\/api.w.org\/{rel}","templated":true}]}}